{"id":439,"date":"2025-10-10T10:09:24","date_gmt":"2025-10-10T10:09:24","guid":{"rendered":"https:\/\/apivil.com\/?post_type=product&#038;p=439"},"modified":"2025-12-18T22:07:15","modified_gmt":"2025-12-18T22:07:15","slug":"arieiras-mel-multifloral-frasco-abelha-caixa-12-frascos","status":"publish","type":"product","link":"https:\/\/apivil.com\/?product=arieiras-mel-multifloral-frasco-abelha-caixa-12-frascos","title":{"rendered":"ARIEIRAS \u2013 Mel multifloral \u2013 Frasco abelha &#8211; Caixa 12 frascos"},"content":{"rendered":"<p>Mel de abelhas natural multifloral, excelente qualidade, produzido de flores, plantas e outras subst\u00e2ncias silvestres, numa flora e fauna quase intacta, face \u00e0 baixa interven\u00e7\u00e3o humana e aus\u00eancia de polui\u00e7\u00e3o.<\/p>\n<p>De sabor doce, suave e agrad\u00e1vel, pode ser utilizado de diversas formas, como alternativa ao a\u00e7\u00facar tradicional, como ado\u00e7ante natural.<\/p>\n<p>Predominantemente de Rosmaninho, Castanheiro, Amieiro, Sabugueiro, Carvalho, Trevo, Amora Silvestre, Giesta, Bela Luz, Almeir\u00e3o, entre outras floras silvestres.<\/p>\n<p>Dispon\u00edvel em embalagens de 0,5 Kg e 1 Kg.<\/p>\n<p>Local da produ\u00e7\u00e3o: Concelho de Sabugal &#8211; Vale das \u00c9guas<\/p>\n","protected":false},"excerpt":{"rendered":"<p data-cya11y-org-font-size=\"16\">Mel de abelhas natural multifloral<\/p>\n<p data-cya11y-org-font-size=\"16\">Sabor doce, suave e agrad\u00e1vel<\/p>\n<p data-cya11y-org-font-size=\"16\">Frasco favo<\/p>\n<p data-cya11y-org-font-size=\"16\">Excelente qualidade<\/p>\n<p data-cya11y-org-font-size=\"16\">Produzido de flores, plantas e outras subst\u00e2ncias silvestres, numa flora e fauna quase intacta, face \u00e0 baixa interven\u00e7\u00e3o humana e aus\u00eancia de polui\u00e7\u00e3o.<\/p>\n","protected":false},"featured_media":457,"comment_status":"open","ping_status":"closed","template":"","meta":[],"product_brand":[],"product_cat":[21],"product_tag":[],"class_list":{"0":"post-439","1":"product","2":"type-product","3":"status-publish","4":"has-post-thumbnail","6":"product_cat-mel","7":"product_shipping_class-5-10-kg","9":"first","10":"outofstock","11":"taxable","12":"shipping-taxable","13":"purchasable","14":"product-type-variable"},"_links":{"self":[{"href":"https:\/\/apivil.com\/index.php?rest_route=\/wp\/v2\/product\/439","targetHints":{"allow":["GET"]}}],"collection":[{"href":"https:\/\/apivil.com\/index.php?rest_route=\/wp\/v2\/product"}],"about":[{"href":"https:\/\/apivil.com\/index.php?rest_route=\/wp\/v2\/types\/product"}],"replies":[{"embeddable":true,"href":"https:\/\/apivil.com\/index.php?rest_route=%2Fwp%2Fv2%2Fcomments&post=439"}],"wp:featuredmedia":[{"embeddable":true,"href":"https:\/\/apivil.com\/index.php?rest_route=\/wp\/v2\/media\/457"}],"wp:attachment":[{"href":"https:\/\/apivil.com\/index.php?rest_route=%2Fwp%2Fv2%2Fmedia&parent=439"}],"wp:term":[{"taxonomy":"product_brand","embeddable":true,"href":"https:\/\/apivil.com\/index.php?rest_route=%2Fwp%2Fv2%2Fproduct_brand&post=439"},{"taxonomy":"product_cat","embeddable":true,"href":"https:\/\/apivil.com\/index.php?rest_route=%2Fwp%2Fv2%2Fproduct_cat&post=439"},{"taxonomy":"product_tag","embeddable":true,"href":"https:\/\/apivil.com\/index.php?rest_route=%2Fwp%2Fv2%2Fproduct_tag&post=439"}],"curies":[{"name":"wp","href":"https:\/\/api.w.org\/{rel}","templated":true}]}}