{"id":1128,"date":"2025-12-18T20:58:43","date_gmt":"2025-12-18T20:58:43","guid":{"rendered":"https:\/\/apivil.com\/?post_type=product&#038;p=1128"},"modified":"2025-12-19T11:33:44","modified_gmt":"2025-12-19T11:33:44","slug":"arieiras-mel-montanha-frasco-liso-caixa-12-frascos","status":"publish","type":"product","link":"https:\/\/apivil.com\/?product=arieiras-mel-montanha-frasco-liso-caixa-12-frascos","title":{"rendered":"ARIEIRAS \u2013 Mel montanha \u2013 Frasco liso &#8211; Caixa 12 frascos"},"content":{"rendered":"<p>Mel de abelhas natural, de tom escuro, excelente qualidade, produzido de flores, plantas e outras subst\u00e2ncias silvestres, numa flora e fauna quase intacta, face \u00e0 baixa interven\u00e7\u00e3o humana e aus\u00eancia de polui\u00e7\u00e3o.<\/p>\n<p>De sabor doce, suave e agrad\u00e1vel, pode ser utilizado de diversas formas, como alternativa ao a\u00e7\u00facar tradicional, como ado\u00e7ante natural.<\/p>\n<p>Predominantemente de Castanheiro, Amieiro, Sabugueiro, Carvalho, Trevo, Amora Silvestre, Giesta, Bela Luz, Almeir\u00e3o, entre outras floras silvestres.<\/p>\n<p>Dispon\u00edvel em embalagens de 0,5 Kg e 1 Kg.<\/p>\n<p>Local da produ\u00e7\u00e3o: Concelho de Sabugal &#8211; Vale das \u00c9guas<\/p>\n","protected":false},"excerpt":{"rendered":"<p data-cya11y-org-font-size=\"16\">Mel de abelhas natural, predominantemente de Castanheiro<\/p>\n<p data-cya11y-org-font-size=\"16\">Tom escuro, sabor doce e agrad\u00e1vel<\/p>\n<p data-cya11y-org-font-size=\"16\">Cor: \u00e2mbar-escuro a castanho-avermelhado<\/p>\n<p data-cya11y-org-font-size=\"16\">Frasco liso<\/p>\n<p data-cya11y-org-font-size=\"16\">Excelente qualidade<\/p>\n<p data-cya11y-org-font-size=\"16\">Produzido de flores, plantas e outras subst\u00e2ncias silvestres, numa flora e fauna quase intacta, face \u00e0 baixa interven\u00e7\u00e3o humana e aus\u00eancia de polui\u00e7\u00e3o.<\/p>\n","protected":false},"featured_media":0,"comment_status":"open","ping_status":"closed","template":"","meta":[],"product_brand":[],"product_cat":[34],"product_tag":[],"class_list":{"0":"post-1128","1":"product","2":"type-product","3":"status-publish","5":"product_cat-mel-montanha","6":"product_shipping_class-5-10-kg","8":"first","9":"outofstock","10":"taxable","11":"shipping-taxable","12":"purchasable","13":"product-type-variable"},"_links":{"self":[{"href":"https:\/\/apivil.com\/index.php?rest_route=\/wp\/v2\/product\/1128","targetHints":{"allow":["GET"]}}],"collection":[{"href":"https:\/\/apivil.com\/index.php?rest_route=\/wp\/v2\/product"}],"about":[{"href":"https:\/\/apivil.com\/index.php?rest_route=\/wp\/v2\/types\/product"}],"replies":[{"embeddable":true,"href":"https:\/\/apivil.com\/index.php?rest_route=%2Fwp%2Fv2%2Fcomments&post=1128"}],"wp:attachment":[{"href":"https:\/\/apivil.com\/index.php?rest_route=%2Fwp%2Fv2%2Fmedia&parent=1128"}],"wp:term":[{"taxonomy":"product_brand","embeddable":true,"href":"https:\/\/apivil.com\/index.php?rest_route=%2Fwp%2Fv2%2Fproduct_brand&post=1128"},{"taxonomy":"product_cat","embeddable":true,"href":"https:\/\/apivil.com\/index.php?rest_route=%2Fwp%2Fv2%2Fproduct_cat&post=1128"},{"taxonomy":"product_tag","embeddable":true,"href":"https:\/\/apivil.com\/index.php?rest_route=%2Fwp%2Fv2%2Fproduct_tag&post=1128"}],"curies":[{"name":"wp","href":"https:\/\/api.w.org\/{rel}","templated":true}]}}