{"id":3,"date":"2025-10-03T10:56:53","date_gmt":"2025-10-03T10:56:53","guid":{"rendered":"https:\/\/apivil.com\/?page_id=3"},"modified":"2026-01-02T16:03:27","modified_gmt":"2026-01-02T16:03:27","slug":"privacy-policy","status":"publish","type":"page","link":"https:\/\/apivil.com\/?page_id=3","title":{"rendered":"Pol\u00edtica de Privacidade \/ Termos e Condi\u00e7\u00f5es de Venda"},"content":{"rendered":"\t\t<div data-elementor-type=\"wp-page\" data-elementor-id=\"3\" class=\"elementor elementor-3\">\n\t\t\t\t<div class=\"elementor-element elementor-element-436b18a8 e-flex e-con-boxed e-con e-parent\" data-id=\"436b18a8\" data-element_type=\"container\" data-e-type=\"container\">\n\t\t\t\t\t<div class=\"e-con-inner\">\n\t\t\t\t<div class=\"elementor-element elementor-element-126e1b01 elementor-widget elementor-widget-text-editor\" data-id=\"126e1b01\" data-element_type=\"widget\" data-e-type=\"widget\" data-widget_type=\"text-editor.default\">\n\t\t\t\t\t\t\t\t\t\n<p>O acesso e utiliza\u00e7\u00e3o deste site, bem como os produtos e servi\u00e7os dispon\u00edveis est\u00e3o sujeitos \u00e0s condi\u00e7\u00f5es apresentadas em seguida, cumprindo assim o estipulado no decreto lei que regula o com\u00e9rcio eletr\u00f4nico.<\/p>\n\n<p>Ao utilizar este site, o cliente\/visitante est\u00e1 a concordar com as condi\u00e7\u00f5es de utiliza\u00e7\u00e3o do mesmo, as quais podem ser atualizadas sempre que a legisla\u00e7\u00e3o em vigor o exija. Aconselhamo-lo a visitar esta p\u00e1gina regularmente para se manter a par de quaisquer altera\u00e7\u00f5es que possam ter sido efetuadas.<\/p>\n\n<p>Empresa:<\/p>\n\n<p>Manuel Augusto Vaz Dias, Lda<\/p>\n\n<p>NIF: 510560695<\/p>\n\n<p>Morada:<\/p>\n\n<p>Rua da Fronteira Velha, n\u00ba9<\/p>\n\n<p>6355-272 Vilar Formoso<\/p>\n\n<p>Portugal<\/p>\n\n<p><strong>(Doravante designada por \u00abApivil\u00bb)<\/strong><\/p>\n\n<p>O acesso a este site \u00e9 permitido com car\u00e1cter tempor\u00e1rio sendo-nos\u00a0reservado o direito de retirar ou alterar servi\u00e7os e pre\u00e7os sem aviso pr\u00e9vio. N\u00e3o nos responsabilizamos se, por qualquer raz\u00e3o, este site estiver indispon\u00edvel durante determinado per\u00edodo de tempo.<br \/>Podemos, ocasionalmente, restringir o acesso a algumas \u00e1reas do\u00a0mesmo. A APIVIL n\u00e3o se responsabiliza por danos ou perdas que possam advir da utiliza\u00e7\u00e3o de qualquer informa\u00e7\u00e3o contida neste site.<\/p>\n\n<p>Algumas hiperliga\u00e7\u00f5es deste site redirecionam o cliente para sites externos, parceiros da APIVIL, entidades reguladoras ou outros. Ao clicar nessas hiperliga\u00e7\u00f5es, estar\u00e1 a deixar o nosso site. Como n\u00e3o temos qualquer controlo sobre esses sites, n\u00e3o nos responsabilizamos pelo material e conte\u00fado presente nos mesmos.<\/p>\n\n<p>Para efetuar uma encomenda, o cliente\/consumidor tem de ser maior de 18 anos e compromete-se a fornecer dados verdadeiros que permitam o processamento com sucesso da sua encomenda \/ fatura.<\/p>\n\n<p>1. Campo de aplica\u00e7\u00e3o.<\/p>\n\n<p>As presentes Condi\u00e7\u00f5es Gerais de Venda detalhadas abaixo (aqui designadas \u201c<strong>condi\u00e7\u00f5es gerais\u201d<\/strong>) determinam exclusivamente o v\u00ednculo contratual entre o cliente\/consumidor\/utilizador deste site (aqui designado \u201cusu\u00e1rio\u201d) e o vendedor APIVIL que pertence \u00e0 empresa em cima designada.<\/p>\n\n<p>As condi\u00e7\u00f5es gerais de venda s\u00e3o as \u00fanicas a serem aplic\u00e1veis e substituem todas as outras condi\u00e7\u00f5es, exceto por acordo pr\u00e9vio, expresso e por escrito. A APIVIL pode sempre que ache necess\u00e1rio modificar\/alterar as disposi\u00e7\u00f5es das suas condi\u00e7\u00f5es gerais, presentes no seu site\/loja online (aqui designado \u201cSite\u201d).<\/p>\n\n<p>O cliente est\u00e1 automaticamente a aceitar as nossas condi\u00e7\u00f5es gerais de venda, sempre que valide qualquer pedido.<\/p>\n\n<p>Conectando-se ao site, o cliente\/consumidor\/visitante compromete-se a respeitar as Condi\u00e7\u00f5es Gerais assim como as Condi\u00e7\u00f5es de Utiliza\u00e7\u00e3o.<\/p>\n\n<p>\u00a02. Encomendar no site.<\/p>\n\n<p>Para efetuar uma encomenda na APIVIL,<\/p>\n\n<p>\u2013 Via INTERNET, pelo site: www.apivil.com 24h e 7 dias semana.<\/p>\n\n<p>3. Informa\u00e7\u00f5es sobre os produtos.<\/p>\n\n<p>As fotografias que ilustram os produtos, n\u00e3o entram no campo contratual e n\u00e3o substituem qualquer compromisso por parte da APIVIL.<\/p>\n\n<p>4. Pre\u00e7o.<\/p>\n\n<p>Os pre\u00e7os de venda indicados no site s\u00e3o em Euros, as taxas de entrega s\u00e3o a cargo do cliente, dependendo dos produtos selecionados.<\/p>\n\n<p>A APIVIL declina toda a responsabilidade em caso de erro ou de inexatid\u00e3o no sistema de convers\u00e3o usado, ou de toda diferen\u00e7a que possa surgir entre o valor total estimado do pedido e o valor da fatura\u00e7\u00e3o em euros.<\/p>\n\n<p>A APIVIL reserva-se o direito de modificar os pre\u00e7os a qualquer momento, no entanto aplicar\u00e1 as tarifas em vigor que foram indicadas no site no momento em que o cliente efetuar o pedido.<\/p>\n\n<p>Informamos que, se o pre\u00e7o indicado estiver incorreto e for manifestamente irris\u00f3rio, independentemente da sua causa (bug inform\u00e1tico, erro manual, erro t\u00e9cnico, etc.), a encomenda ser\u00e1 anulada, mesmo se j\u00e1 tiver sido confirmada.<\/p>\n\n<p>5. Disponibilidade.<\/p>\n\n<p>A APIVIL respeita os prazos de um pedido desde que haja disponibilidade de stock.<\/p>\n\n<p>Na hip\u00f3tese de um dos produtos pedidos n\u00e3o estar dispon\u00edvel em stock, a APIVIL entrar\u00e1 em contacto com o cliente por e-mail ou por telefone solicitando-lhe que escolha outro produto em substitui\u00e7\u00e3o do produto indispon\u00edvel\/rutura de stock, um produto com qualidade e pre\u00e7o equivalentes. Caso o cliente n\u00e3o aceite a APIVIL proceder\u00e1 ao reembolso do produto, para o IBAN do cliente que efetuou o pagamento.<\/p>\n\n<p>6. Modo de entrega.<\/p>\n\n<p>Os produtos comprados no site s\u00e3o entregues em Portugal. O seu pedido ser\u00e1 entregue na morada que o cliente indicar no momento da sua compra.<\/p>\n\n<p>O prazo entre o momento em que efetua a encomenda e a data da primeira passagem da transportadora na sua morada resulta da combina\u00e7\u00e3o dos seguintes aspetos:<\/p>\n\n<ul class=\"wp-block-list\">\n<li>\u00a0prazo de expedi\u00e7\u00e3o (24 a 48 horas) = valida\u00e7\u00e3o do pagamento + prepara\u00e7\u00e3o da encomenda + entrega da encomenda \u00e0 transportadora<\/li>\n\n<li>\u00a0prazo de entrega \u2013 responsabilidade da transportadora.<\/li>\n<\/ul>\n\n<p>Os prazos de entrega s\u00e3o indicativos e, portanto, a serem considerados v\u00e1lidos quando n\u00e3o haja impedimentos f\u00edsicos ou estruturais (por exemplo: moradas incorretas ou contratempos de for\u00e7a maior).<\/p>\n\n<p>A contribui\u00e7\u00e3o para o transporte, por somar-se ao pre\u00e7o dos produtos comprados, ser\u00e1 calculada de forma autom\u00e1tica pelo sistema, da seguinte forma:<\/p>\n\n<ul class=\"wp-block-list\">\n<li>\u00a0At\u00e9 5 quilos.<\/li>\n\n<li>\u00a0At\u00e9 10 quilos.<\/li>\n<li>At\u00e9 15 quilos.<\/li>\n<li>At\u00e9 20 quilos.<\/li>\n<li>At\u00e9 25 quilos.<\/li>\n<li>At\u00e9 30 quilos.<\/li>\n<\/ul>\n\n<p>Enviamos para Portugal continental neste processo autom\u00e1tico no site, no entanto para encomendas com peso superior, ao apresentado ou para outras localidades\/ pa\u00edses por favor fa\u00e7a o seu pedido por e-mail\u00a0<a href=\"mailto:apivil@apivil.com\">apivil@apivil.com<\/a> ou use o formul\u00e1rio na p\u00e1gina de contactos aqui no site.<\/p>\n\n<p>Em caso do n\u00e3o recebimento da encomenda nos prazos indicados, a APIVIL ir\u00e1 diligenciar junto da empresa transportadora para aferir o que aconteceu \u00e0 encomenda, o que poder\u00e1 resultar em alguns dias.<\/p>\n\n<p>O cliente dever\u00e1 contactar o Servi\u00e7o de Atendimento ao Cliente APIVIL e durante este per\u00edodo nenhum reembolso poder\u00e1 ser efetuado, pois ter\u00e1 que ser verificado e confirmado o extravio da encomenda.<\/p>\n\n<p>Caso se verifique o extravio a APIVIL enviar\u00e1 novamente nova encomenda. O cliente tem o direito, no momento da rece\u00e7\u00e3o da sua encomenda, de abrir a embalagem para verificar se o produto est\u00e1 de acordo com o que foi pedido e se n\u00e3o apresenta defeitos externos. No caso do produto n\u00e3o ser aquele que foi pedido ou apresentar defeitos vis\u00edveis, a APIVIL aconselha o cliente a recusar a entrega, preencher o formul\u00e1rio previsto para este fim e restituir o produto \u00e0 transportadora, que se encarregar\u00e1 da devolu\u00e7\u00e3o, no momento da rece\u00e7\u00e3o. Um e-mail dever\u00e1 igualmente ser enviado nas 24 horas seguintes indicando o problema para\u00a0<a href=\"mailto:apivil@apivil.com\">apivil@apivil.com<\/a>.<\/p>\n\n<p>O direito de retrata\u00e7\u00e3o permanece v\u00e1lido para os casos de problemas t\u00e9cnicos que sejam detetados pelo cliente ap\u00f3s a entrega e de acordo com os termos previstos por lei.<\/p>\n\n<p><strong>O que fazer no momento da entrega:<\/strong><\/p>\n\n<ul class=\"wp-block-list\">\n<li>Verificar se a embalagem se encontra em perfeito estado.<\/li>\n\n<li>Verificar se o produto est\u00e1 conforme ao pedido efetuado e se o mesmo n\u00e3o apresenta defeitos vis\u00edveis.<\/li>\n\n<li>No caso de estar tudo conforme, aceitar a entrega.<\/li>\n\n<li>No caso de haver alguma n\u00e3o conformidade, ou seja, um erro no produto solicitado, ou um defeito vis\u00edvel, deve recusar a entrega e preencher o formul\u00e1rio destinado para estes casos, assinalando o problema.<\/li>\n\n<li>Restituir a(s) embalagem (ns) e todo o seu conte\u00fado ao estafeta (empresa transportadora).<\/li>\n<\/ul>\n\n<p>7. Pagamento seguro.<\/p>\n\n<p>O site da APIVIL utiliza como meio de pagamento a Transfer\u00eancia Banc\u00e1ria.<\/p>\n\n<p>O pagamento dos produtos comprados e das despesas relativas \u00e0 expedi\u00e7\u00e3o ter\u00e1 de ser efetuado no prazo m\u00e1ximo de 48h, findo o qual a encomenda ser\u00e1 considerada nula.<\/p>\n\n<p>O pagamento por transfer\u00eancia banc\u00e1ria \u00e9 submetido \u00e0s seguintes condi\u00e7\u00f5es:<\/p>\n\n<ul class=\"wp-block-list\">\n<li>Ap\u00f3s efetuar a transfer\u00eancia banc\u00e1ria, dever\u00e1 ser enviada a c\u00f3pia do comprovativo por email (apivil@apivil.com) com a indica\u00e7\u00e3o do n\u00famero da encomenda.<\/li>\n\n<li>Assim que confirmado o pagamento, a APIVIL proceder\u00e1 \u00e1 fatura\u00e7\u00e3o e ao envio da encomenda para a morada indicada.<\/li>\n<\/ul>\n\n<p>8. Devolu\u00e7\u00f5es.<\/p>\n\n<p>Na loja online da APIVIL, a devolu\u00e7\u00e3o dos produtos num prazo de 14 dias dos produtos adquiridos, conforme legisla\u00e7\u00e3o em vigor.<\/p>\n\n<p><strong>Por\u00e9m, aquando a devolu\u00e7\u00e3o, o produto tem que permanecer intacto (incluindo embalagens que acompanham o produto, r\u00f3tulos e contra-r\u00f3tulos),\u00a0caso contr\u00e1rio a devolu\u00e7\u00e3o fica sem efeito.<\/strong><\/p>\n\n<p>Para esclarecimento de qualquer d\u00favida, pedido de informa\u00e7\u00e3o adicional ou envio de sugest\u00f5es, n\u00e3o hesite em nos contactar:<\/p>\n\n<ul class=\"wp-block-list\">\n<li>apivil@apivil.com<\/li>\n<\/ul>\n\n<p>9. Direito \u00e0 resolu\u00e7\u00e3o de contracto.<\/p>\n\n<p>O consumidor tem o direito de resolver livremente o contrato \u00e0 dist\u00e2ncia.<\/p>\n\n<p>O prazo de exerc\u00edcio do direito de livre resolu\u00e7\u00e3o \u00e9 de 14 dias.<\/p>\n\n<p>10. Pol\u00edtica de privacidade.<\/p>\n\n<p>Na APIVIL, temos uma importante responsabilidade e compromisso no que respeita \u00e0 seguran\u00e7a do nosso site e \u00e0 prote\u00e7\u00e3o dos dados dos nossos clientes e visitantes. A nossa pol\u00edtica de privacidade \u00e9 apresentada em seguida. Qualquer altera\u00e7\u00e3o a esta pol\u00edtica ser\u00e1 disponibilizada aqui, nesta declara\u00e7\u00e3o.<\/p>\n\n<p>Que informa\u00e7\u00e3o recolhemos?<\/p>\n\n<p>Na APIVIL, recolhemos dados para processar o seu pedido e para uso em campanhas de marketing, pr\u00e9mios e newsletters. Al\u00e9m disso, quando efetuar uma compra no nosso site, recolheremos tamb\u00e9m informa\u00e7\u00f5es sobre a morada de entrega e detalhes de pagamento.<\/p>\n\n<p>Podemos tamb\u00e9m recolher outras informa\u00e7\u00f5es sobre a experi\u00eancia do cliente no nosso site que contribuem para a melhoria do nosso servi\u00e7o.<\/p>\n\n<p>Para que efeito s\u00e3o utilizados os dados recolhidos?<\/p>\n\n<p>Os dados do cliente permitem aos nossos colaboradores processar as suas encomendas, notific\u00e1-lo acerca de altera\u00e7\u00f5es importantes nas funcionalidades do site, realizar inqu\u00e9ritos e obter informa\u00e7\u00f5es para efeitos estat\u00edsticos.<\/p>\n\n<p>Podemos tamb\u00e9m enviar-lhe periodicamente por e-mail informa\u00e7\u00f5es sobre produtos e servi\u00e7os, campanhas, promo\u00e7\u00f5es e ofertas especiais. Se o cliente n\u00e3o desejar ser contactado para estes efeitos, poder\u00e1 cancelar a subscri\u00e7\u00e3o da newsletter na sua conta pessoal, ou enviar um e-mail a solicitar n\u00e3o receber a newsletter.<\/p>\n\n<p>Aquando do processamento da encomenda do cliente, \u00e9 poss\u00edvel que os seus dados, como o endere\u00e7o e c\u00f3digo postal, sejam divulgados para efeitos de preven\u00e7\u00e3o e dete\u00e7\u00e3o de fraudes.<\/p>\n\n<p>O que s\u00e3o os cookies e para que s\u00e3o utilizados?<\/p>\n\n<p>Um cookie \u00e9 um pequeno ficheiro enviado para o computador do cliente que fica guardado no seu disco.<\/p>\n\n<p>Ao criar uma conta no nosso site, o computador do cliente guardar\u00e1 um cookie que lhe permitir\u00e1 ser automaticamente identificado sempre que voltar a visitar o nosso site.<\/p>\n\n<p>Os cookies s\u00e3o tamb\u00e9m utilizados para que o nosso sistema consiga seguir os passos do cliente numa sess\u00e3o de compra. Se o cliente n\u00e3o aceitar a utiliza\u00e7\u00e3o de cookies, n\u00e3o conseguir\u00e1 utilizar este site.<\/p>\n\n<p>Pode desativar estes cookies, no seu navegador.<\/p>\n\n<p>Neste site, dispomos de liga\u00e7\u00f5es \u00e0s nossas contas de redes sociais e usamos plugin destes sites, tais como Youtube, Instagram, Facebook. Assim, dever\u00e1 consultar a pol\u00edtica de privacidade destes sites.<\/p>\n\n<p>Usamos ainda cookies necess\u00e1rios para melhor a experi\u00eancia de navega\u00e7\u00e3o e uso neste site, para comercio eletr\u00f3nico e para an\u00e1lise de dados de navega\u00e7\u00e3o e marketing, por exemplo da Google.<\/p>\n\n<p>Descativar os cookies, vai limitar ou prejudicar as fun\u00e7\u00f5es dispon\u00edveis no site.<\/p>\n\n<p>Atualiza\u00e7\u00e3o dos dados do cliente.<\/p>\n\n<p>Se o cliente desejar verificar os dados que submeteu, poder\u00e1 faz\u00ea-lo na sua conta pessoal, registada no site.<\/p>\n\n<p>O cliente dever\u00e1 manter os dados de acesso \u00e0 sua conta seguros, dado que toda e qualquer a\u00e7\u00e3o ou pedido efetuados atrav\u00e9s da sua conta ser\u00e3o da sua responsabilidade.<\/p>\n\n<p>Recomendamos que o cliente n\u00e3o guarde a sua palavra-passe no browser, uma vez que outra pessoa com acesso ao seu computador pode ver e utilizar a sua informa\u00e7\u00e3o pessoal.<\/p>\n\n<p>11. Seguran\u00e7a.<\/p>\n\n<p>A APIVIL utiliza um dos sistemas de encomendas online seguros e est\u00e1 constantemente a melhorar o seu software, de forma a oferecer a maior seguran\u00e7a poss\u00edvel aos seus clientes.<\/p>\n\n<p>Utilizamos um certificado de servidor, tamb\u00e9m conhecido por certificado digital, que assegura a nossa identidade, assim como uma encripta\u00e7\u00e3o SSL dos dados transmitidos.<\/p>\n\n<p>Utilizamos uma firewall no site.<\/p>\n\n<p>12. Propriedade intelectual e conte\u00fados.<\/p>\n\n<p>Todos os direitos de propriedade intelectual de software e conte\u00fados dispon\u00edveis atrav\u00e9s deste site s\u00e3o propriedade da APIVIL e est\u00e3o licenciados e protegidos por Leis. Todos esses direitos est\u00e3o reservados \u00e0 APIVIL e aos seus fornecedores.<\/p>\n\n<p>N\u00e3o \u00e9 permitida a publica\u00e7\u00e3o, manipula\u00e7\u00e3o, distribui\u00e7\u00e3o ou reprodu\u00e7\u00e3o, em qualquer formato, de qualquer conte\u00fado deste site, nem a liga\u00e7\u00e3o do mesmo a qualquer neg\u00f3cio ou empresa, sem nossa autoriza\u00e7\u00e3o.<\/p>\n\n<p>13. Sugest\u00f5es e reclama\u00e7\u00f5es.<\/p>\n\n<p>apivil@apivil.com\u00a0<\/p>\n\n<p>14. Resolu\u00e7\u00f5es alternativas de lit\u00edgios.<\/p>\n\n<p>Em caso de lit\u00edgio, informamos que o consumidor pode recorrer \u00e0s entidades de Resolu\u00e7\u00e3o Alternativa de Lit\u00edgios de consumo identificadas no portal do consumidor, no s\u00edtio eletr\u00f3nico www.consumidor.pt , ou de Resolu\u00e7\u00e3o de Lit\u00edgios de consumo em Linha identificadas no s\u00edtio eletr\u00f3nico <a href=\"https:\/\/webgate.ec.europa.eu\/odr\">https:\/\/webgate.ec.europa.eu\/odr<\/a>.<\/p>\n\n<p>Qualquer lit\u00edgio a ocorrer entre comprador e vendedor e n\u00e3o resolvido em nenhuma das entidades referidas, ser\u00e1 resolvido no tribunal a da Comarca de Almeida, renunciando expressamente a qualquer outro.<\/p>\n\n<p>As entidades de resolu\u00e7\u00e3o alternativa de lit\u00edgios atualmente existentes s\u00e3o as seguintes:<\/p>\n\n<p>CNIACC \u2013 Centro Nacional de Informa\u00e7\u00e3o e Arbitragem de Conflitos de Consumo Compet\u00eancia gen\u00e9rica<\/p>\n\n<p>E-mail:\u00a0<a href=\"mailto:cniacc@unl.pt\">cniacc@unl.pt<\/a><br \/>Web: http:\/\/www.arbitragemdeconsumo.org<\/p>\n\n<p>Esta p\u00e1gina pode ser revista e alterada sem aviso pr\u00e9vio.<\/p>\n\t\t\t\t\t\t\t\t<\/div>\n\t\t\t\t\t<\/div>\n\t\t\t\t<\/div>\n\t\t\t\t<\/div>\n\t\t","protected":false},"excerpt":{"rendered":"<p>O acesso e utiliza\u00e7\u00e3o deste site, bem como os produtos e servi\u00e7os dispon\u00edveis est\u00e3o sujeitos \u00e0s condi\u00e7\u00f5es apresentadas em seguida, cumprindo assim o estipulado no decreto lei que regula o com\u00e9rcio eletr\u00f4nico. Ao utilizar este site, o cliente\/visitante est\u00e1 a concordar com as condi\u00e7\u00f5es de utiliza\u00e7\u00e3o do mesmo, as quais podem ser atualizadas sempre que&#8230;<\/p>\n<p class=\"more-link-wrap\"><a href=\"https:\/\/apivil.com\/?page_id=3\" class=\"more-link\">Read More<span class=\"screen-reader-text\"> &ldquo;Pol\u00edtica de Privacidade \/ Termos e Condi\u00e7\u00f5es de Venda&rdquo;<\/span> &raquo;<\/a><\/p>\n","protected":false},"author":1,"featured_media":0,"parent":0,"menu_order":0,"comment_status":"closed","ping_status":"open","template":"","meta":{"footnotes":""},"class_list":["post-3","page","type-page","status-publish","hentry"],"_links":{"self":[{"href":"https:\/\/apivil.com\/index.php?rest_route=\/wp\/v2\/pages\/3","targetHints":{"allow":["GET"]}}],"collection":[{"href":"https:\/\/apivil.com\/index.php?rest_route=\/wp\/v2\/pages"}],"about":[{"href":"https:\/\/apivil.com\/index.php?rest_route=\/wp\/v2\/types\/page"}],"author":[{"embeddable":true,"href":"https:\/\/apivil.com\/index.php?rest_route=\/wp\/v2\/users\/1"}],"replies":[{"embeddable":true,"href":"https:\/\/apivil.com\/index.php?rest_route=%2Fwp%2Fv2%2Fcomments&post=3"}],"version-history":[{"count":8,"href":"https:\/\/apivil.com\/index.php?rest_route=\/wp\/v2\/pages\/3\/revisions"}],"predecessor-version":[{"id":1436,"href":"https:\/\/apivil.com\/index.php?rest_route=\/wp\/v2\/pages\/3\/revisions\/1436"}],"wp:attachment":[{"href":"https:\/\/apivil.com\/index.php?rest_route=%2Fwp%2Fv2%2Fmedia&parent=3"}],"curies":[{"name":"wp","href":"https:\/\/api.w.org\/{rel}","templated":true}]}}