{"id":19,"date":"2025-10-03T11:23:39","date_gmt":"2025-10-03T11:23:39","guid":{"rendered":"https:\/\/apivil.com\/?page_id=19"},"modified":"2026-03-26T11:44:42","modified_gmt":"2026-03-26T11:44:42","slug":"home","status":"publish","type":"page","link":"https:\/\/apivil.com\/","title":{"rendered":"HOME"},"content":{"rendered":"\t\t<div data-elementor-type=\"wp-page\" data-elementor-id=\"19\" class=\"elementor elementor-19\">\n\t\t\t\t<div class=\"elementor-element elementor-element-ee81f35 e-grid e-con-boxed e-con e-parent\" data-id=\"ee81f35\" data-element_type=\"container\" data-e-type=\"container\">\n\t\t\t\t\t<div class=\"e-con-inner\">\n\t\t\t\t<div class=\"elementor-element elementor-element-b3e9384 elementor-widget elementor-widget-image\" data-id=\"b3e9384\" data-element_type=\"widget\" data-e-type=\"widget\" data-widget_type=\"image.default\">\n\t\t\t\t\t\t\t\t\t\t\t\t<figure class=\"wp-caption\">\n\t\t\t\t\t\t\t\t\t\t\t<a href=\"https:\/\/apivil.com\/?post_type=product\">\n\t\t\t\t\t\t\t<img fetchpriority=\"high\" decoding=\"async\" width=\"650\" height=\"1014\" src=\"https:\/\/apivil.com\/wp-content\/uploads\/2025\/10\/img012-768x1198.png\" class=\"attachment-medium_large size-medium_large wp-image-647\" alt=\"\" srcset=\"https:\/\/apivil.com\/wp-content\/uploads\/2025\/10\/img012-768x1198.png 768w, https:\/\/apivil.com\/wp-content\/uploads\/2025\/10\/img012-192x300.png 192w, https:\/\/apivil.com\/wp-content\/uploads\/2025\/10\/img012-657x1024.png 657w, https:\/\/apivil.com\/wp-content\/uploads\/2025\/10\/img012-985x1536.png 985w, https:\/\/apivil.com\/wp-content\/uploads\/2025\/10\/img012-1313x2048.png 1313w, https:\/\/apivil.com\/wp-content\/uploads\/2025\/10\/img012-600x936.png 600w, https:\/\/apivil.com\/wp-content\/uploads\/2025\/10\/img012.png 1596w\" sizes=\"(max-width: 650px) 100vw, 650px\" \/>\t\t\t\t\t\t\t\t<\/a>\n\t\t\t\t\t\t\t\t\t\t\t<figcaption class=\"widget-image-caption wp-caption-text\">Frasco mel favo - Multifloral - 500 Grs\/1 Kg<\/figcaption>\n\t\t\t\t\t\t\t\t\t\t<\/figure>\n\t\t\t\t\t\t\t\t\t<\/div>\n\t\t\t\t<div class=\"elementor-element elementor-element-03598e8 elementor-drop-cap-yes elementor-drop-cap-view-stacked elementor-widget elementor-widget-text-editor\" data-id=\"03598e8\" data-element_type=\"widget\" data-e-type=\"widget\" data-settings=\"{&quot;drop_cap&quot;:&quot;yes&quot;}\" data-widget_type=\"text-editor.default\">\n\t\t\t\t\t\t\t\t\t<h5><strong><span dir=\"auto\" style=\"vertical-align: inherit;\"><span dir=\"auto\" style=\"vertical-align: inherit;\"><span dir=\"auto\" style=\"vertical-align: inherit;\"><span dir=\"auto\" style=\"vertical-align: inherit;\">Sobre mim<\/span><\/span><\/span><\/span><\/strong><\/h5><p class=\"MsoNormal\">Pelo ano 2024, em face do gosto pela natureza e pelo meio rural, adquiri cinco colmeias, com as quais comecei o meu projeto ap\u00edcola. O local escolhido para o desenvolvimento do projeto foi um terreno de castanheiros denominado \u201cArieiras\u201d, em Vale das \u00c9guas, concelho de Sabugal. Local escolhido de forma a aproveitar as val\u00eancias e caracter\u00edsticas de todo o meio ambiente e toda a sua envolvente, numa flora e fauna quase intacta, onde prolifera o Castanheiro, Rosmaninho, Amieiro, Sabugueiro, Carvalho, Trevo, Amora Silvestre, Giesta, Bela Luz, Almeir\u00e3o, entre outras floras silvestres, local de baixa interven\u00e7\u00e3o humana e aus\u00eancia de polui\u00e7\u00e3o, para produzir um mel em produ\u00e7\u00e3o biol\u00f3gica de excelente qualidade.<\/p><p>Assim disponho essencialmente tr\u00eas tipos de mel:<\/p><ul><li><span style=\"font-size: 1rem;\"><a href=\"https:\/\/apivil.com\/?product_cat=mel\"><strong>Mel multifloral<\/strong><\/a> (Grande variedade de flora e fauna);<\/span><\/li><li><strong><a href=\"https:\/\/apivil.com\/?product_cat=mel-silvestre\">Mel silvestre<\/a><\/strong> (Predominantemente de rosmaninho &#8211; Cor: Clara dourada, \u00e2mbar claro);<\/li><li><a href=\"https:\/\/apivil.com\/?product_cat=mel-montanha\"><strong>Mel montanha<\/strong><\/a> (Predominantemente de castanheiro &#8211; Cor: \u00e2mbar escuro a castanho avermelhado).<\/li><\/ul>\t\t\t\t\t\t\t\t<\/div>\n\t\t\t\t\t<\/div>\n\t\t\t\t<\/div>\n\t\t<div class=\"elementor-element elementor-element-6f7cf85 e-grid e-con-boxed e-con e-parent\" data-id=\"6f7cf85\" data-element_type=\"container\" data-e-type=\"container\">\n\t\t\t\t\t<div class=\"e-con-inner\">\n\t\t\t\t<div class=\"elementor-element elementor-element-f093df1 elementor-widget elementor-widget-text-editor\" data-id=\"f093df1\" data-element_type=\"widget\" data-e-type=\"widget\" data-widget_type=\"text-editor.default\">\n\t\t\t\t\t\t\t\t\t<h5><strong><span dir=\"auto\" style=\"vertical-align: inherit;\">Mel<\/span><\/strong><\/h5><p><span dir=\"auto\" style=\"vertical-align: inherit;\">Alimento a\u00e7ucarado natural produzido pelas abelhas a partir do n\u00e9ctar coletado de flores, plantas e outras subst\u00e2ncias e processado por enzimas pr\u00f3prias, sendo armazenado e amadurecido nos favos das colmeias.<\/span><\/p><h5><strong><span dir=\"auto\" style=\"vertical-align: inherit;\">Armazenagem<\/span><\/strong><\/h5><p><span dir=\"auto\" style=\"vertical-align: inherit;\">\u00c9 recomendado guardar num <strong>local fresco<\/strong>, <strong>longe da luz solar<\/strong>, <strong>seco<\/strong> e <strong>escuro<\/strong>.<\/span><\/p>\t\t\t\t\t\t\t\t<\/div>\n\t\t\t\t<div class=\"elementor-element elementor-element-94ba43a elementor-widget elementor-widget-image\" data-id=\"94ba43a\" data-element_type=\"widget\" data-e-type=\"widget\" data-widget_type=\"image.default\">\n\t\t\t\t\t\t\t\t\t\t\t\t<figure class=\"wp-caption\">\n\t\t\t\t\t\t\t\t\t\t<img decoding=\"async\" width=\"650\" height=\"488\" src=\"https:\/\/apivil.com\/wp-content\/uploads\/2026\/03\/db3d5080-badb-4f2c-83bb-1442ebb0c7cd-1024x768.jpg\" class=\"attachment-large size-large wp-image-1486\" alt=\"\" srcset=\"https:\/\/apivil.com\/wp-content\/uploads\/2026\/03\/db3d5080-badb-4f2c-83bb-1442ebb0c7cd-1024x768.jpg 1024w, https:\/\/apivil.com\/wp-content\/uploads\/2026\/03\/db3d5080-badb-4f2c-83bb-1442ebb0c7cd-300x225.jpg 300w, https:\/\/apivil.com\/wp-content\/uploads\/2026\/03\/db3d5080-badb-4f2c-83bb-1442ebb0c7cd-768x576.jpg 768w, https:\/\/apivil.com\/wp-content\/uploads\/2026\/03\/db3d5080-badb-4f2c-83bb-1442ebb0c7cd-1536x1152.jpg 1536w, https:\/\/apivil.com\/wp-content\/uploads\/2026\/03\/db3d5080-badb-4f2c-83bb-1442ebb0c7cd-600x450.jpg 600w, https:\/\/apivil.com\/wp-content\/uploads\/2026\/03\/db3d5080-badb-4f2c-83bb-1442ebb0c7cd.jpg 2040w\" sizes=\"(max-width: 650px) 100vw, 650px\" \/>\t\t\t\t\t\t\t\t\t\t\t<figcaption class=\"widget-image-caption wp-caption-text\"><\/figcaption>\n\t\t\t\t\t\t\t\t\t\t<\/figure>\n\t\t\t\t\t\t\t\t\t<\/div>\n\t\t\t\t\t<\/div>\n\t\t\t\t<\/div>\n\t\t<div class=\"elementor-element elementor-element-a099c47 e-grid e-con-boxed e-con e-parent\" data-id=\"a099c47\" data-element_type=\"container\" data-e-type=\"container\">\n\t\t\t\t\t<div class=\"e-con-inner\">\n\t\t<div class=\"elementor-element elementor-element-fb9ac16 e-grid e-con-full e-con e-child\" data-id=\"fb9ac16\" data-element_type=\"container\" data-e-type=\"container\">\n\t\t\t\t<div class=\"elementor-element elementor-element-cb261c2 elementor-widget elementor-widget-image\" data-id=\"cb261c2\" data-element_type=\"widget\" data-e-type=\"widget\" data-widget_type=\"image.default\">\n\t\t\t\t\t\t\t\t\t\t\t\t<figure class=\"wp-caption\">\n\t\t\t\t\t\t\t\t\t\t\t<a href=\"https:\/\/apivil.com\/?product=colher-de-mel-em-madeira\" target=\"_blank\" rel=\"nofollow\">\n\t\t\t\t\t\t\t<img decoding=\"async\" width=\"300\" height=\"300\" src=\"https:\/\/apivil.com\/wp-content\/uploads\/2025\/12\/img-col.jpg\" class=\"attachment-large size-large wp-image-1047\" alt=\"\" srcset=\"https:\/\/apivil.com\/wp-content\/uploads\/2025\/12\/img-col.jpg 300w, https:\/\/apivil.com\/wp-content\/uploads\/2025\/12\/img-col-150x150.jpg 150w, https:\/\/apivil.com\/wp-content\/uploads\/2025\/12\/img-col-100x100.jpg 100w, https:\/\/apivil.com\/wp-content\/uploads\/2025\/12\/img-col-50x50.jpg 50w\" sizes=\"(max-width: 300px) 100vw, 300px\" \/>\t\t\t\t\t\t\t\t<\/a>\n\t\t\t\t\t\t\t\t\t\t\t<figcaption class=\"widget-image-caption wp-caption-text\">Colher de mel de madeira<\/figcaption>\n\t\t\t\t\t\t\t\t\t\t<\/figure>\n\t\t\t\t\t\t\t\t\t<\/div>\n\t\t\t\t<div class=\"elementor-element elementor-element-147476f elementor-widget elementor-widget-image\" data-id=\"147476f\" data-element_type=\"widget\" data-e-type=\"widget\" data-widget_type=\"image.default\">\n\t\t\t\t\t\t\t\t\t\t\t\t<figure class=\"wp-caption\">\n\t\t\t\t\t\t\t\t\t\t\t<a href=\"https:\/\/apivil.com\/?product=arieiras-mel-multifloral-frasco-abelha-c-colher\" target=\"_blank\">\n\t\t\t\t\t\t\t<img loading=\"lazy\" decoding=\"async\" width=\"650\" height=\"650\" src=\"https:\/\/apivil.com\/wp-content\/uploads\/2025\/10\/12-Frascos-3-1.png\" class=\"attachment-large size-large wp-image-501\" alt=\"\" srcset=\"https:\/\/apivil.com\/wp-content\/uploads\/2025\/10\/12-Frascos-3-1.png 800w, https:\/\/apivil.com\/wp-content\/uploads\/2025\/10\/12-Frascos-3-1-300x300.png 300w, https:\/\/apivil.com\/wp-content\/uploads\/2025\/10\/12-Frascos-3-1-150x150.png 150w, https:\/\/apivil.com\/wp-content\/uploads\/2025\/10\/12-Frascos-3-1-768x768.png 768w, https:\/\/apivil.com\/wp-content\/uploads\/2025\/10\/12-Frascos-3-1-600x600.png 600w, https:\/\/apivil.com\/wp-content\/uploads\/2025\/10\/12-Frascos-3-1-100x100.png 100w, https:\/\/apivil.com\/wp-content\/uploads\/2025\/10\/12-Frascos-3-1-50x50.png 50w\" sizes=\"(max-width: 650px) 100vw, 650px\" \/>\t\t\t\t\t\t\t\t<\/a>\n\t\t\t\t\t\t\t\t\t\t\t<figcaption class=\"widget-image-caption wp-caption-text\">Frasco mel abelha com colher de Madeira - Mel Multifloral<\/figcaption>\n\t\t\t\t\t\t\t\t\t\t<\/figure>\n\t\t\t\t\t\t\t\t\t<\/div>\n\t\t\t\t<\/div>\n\t\t\t\t<div class=\"elementor-element elementor-element-38ad7c7 elementor-widget elementor-widget-text-editor\" data-id=\"38ad7c7\" data-element_type=\"widget\" data-e-type=\"widget\" data-widget_type=\"text-editor.default\">\n\t\t\t\t\t\t\t\t\t<h5><strong><span dir=\"auto\" style=\"vertical-align: inherit;\">Saber se o mel \u00e9 puro<\/span><\/strong><\/h5><p><span dir=\"auto\" style=\"vertical-align: inherit;\">Coloque uma colher de mel em um<strong> copo de \u00e1gua<\/strong> morna, se ele se <strong>agrupar no fundo<\/strong> em vez de dissolver rapidamente, \u00e9 prov\u00e1vel que seja <strong>verdadeiro<\/strong>.<\/span><\/p><h5><strong><span dir=\"auto\" style=\"vertical-align: inherit;\">Qual\u00a0colher\u00a0escolher para consumir\u00a0mel<\/span><\/strong><\/h5><p><span dir=\"auto\" style=\"vertical-align: inherit;\">A melhor\u00a0<\/span><strong><span dir=\"auto\" style=\"vertical-align: inherit;\">colher<\/span><\/strong><span dir=\"auto\" style=\"vertical-align: inherit;\">\u00a0para consumir\u00a0<\/span><strong><span dir=\"auto\" style=\"vertical-align: inherit;\">mel<\/span><\/strong><span dir=\"auto\" style=\"vertical-align: inherit;\">\u00a0\u00e9 a de\u00a0<\/span><strong><span dir=\"auto\" style=\"vertical-align: inherit;\">madeira<\/span><\/strong><span dir=\"auto\" style=\"vertical-align: inherit;\">. Embora seja mais dif\u00edcil de lavar, o material \u00e9 totalmente compat\u00edvel com a acidez da subst\u00e2ncia, garantindo a preserva\u00e7\u00e3o completa de suas propriedades.<\/span><\/p>\t\t\t\t\t\t\t\t<\/div>\n\t\t\t\t\t<\/div>\n\t\t\t\t<\/div>\n\t\t<div class=\"elementor-element elementor-element-c2b52d3 e-grid e-con-boxed e-con e-parent\" data-id=\"c2b52d3\" data-element_type=\"container\" data-e-type=\"container\">\n\t\t\t\t\t<div class=\"e-con-inner\">\n\t\t\t\t<div class=\"elementor-element elementor-element-9c2fb5a elementor-widget elementor-widget-image\" data-id=\"9c2fb5a\" data-element_type=\"widget\" data-e-type=\"widget\" data-widget_type=\"image.default\">\n\t\t\t\t\t\t\t\t\t\t\t\t<figure class=\"wp-caption\">\n\t\t\t\t\t\t\t\t\t\t\t<a href=\"https:\/\/apivil.com\/?post_type=product\">\n\t\t\t\t\t\t\t<img decoding=\"async\" src=\"https:\/\/apivil.com\/wp-content\/uploads\/elementor\/thumbs\/img0009-1-rd6tfl3lzx5tu4fjv4vjvwe7d4c4hn3q0r0e6w3u9s.png\" title=\"APIVIL006\" alt=\"APIVIL\" loading=\"lazy\" \/>\t\t\t\t\t\t\t\t<\/a>\n\t\t\t\t\t\t\t\t\t\t\t<figcaption class=\"widget-image-caption wp-caption-text\"><\/figcaption>\n\t\t\t\t\t\t\t\t\t\t<\/figure>\n\t\t\t\t\t\t\t\t\t<\/div>\n\t\t\t\t<div class=\"elementor-element elementor-element-3585954 elementor-widget elementor-widget-image\" data-id=\"3585954\" data-element_type=\"widget\" data-e-type=\"widget\" data-widget_type=\"image.default\">\n\t\t\t\t\t\t\t\t\t\t\t\t\t\t\t\t<a href=\"https:\/\/apivil.com\/?post_type=product\">\n\t\t\t\t\t\t\t<img decoding=\"async\" src=\"https:\/\/apivil.com\/wp-content\/uploads\/elementor\/thumbs\/015_resized-rd6s80az5fi9kxqbbsr7se9vx14imt3pp27082pwqo.png\" title=\"APIVIL007\" alt=\"APIVIL\" loading=\"lazy\" \/>\t\t\t\t\t\t\t\t<\/a>\n\t\t\t\t\t\t\t\t\t\t\t\t\t\t\t<\/div>\n\t\t\t\t<div class=\"elementor-element elementor-element-054e220 elementor-widget elementor-widget-image\" data-id=\"054e220\" data-element_type=\"widget\" data-e-type=\"widget\" data-widget_type=\"image.default\">\n\t\t\t\t\t\t\t\t\t\t\t\t\t\t\t\t<a href=\"https:\/\/apivil.com\/?post_type=product\">\n\t\t\t\t\t\t\t<img decoding=\"async\" src=\"https:\/\/apivil.com\/wp-content\/uploads\/elementor\/thumbs\/009-rd6u29xcyy8039h2dfycko9rkyi3am6gt1xc8cgq2o.png\" title=\"APIVIL009\" alt=\"APIVIL\" loading=\"lazy\" \/>\t\t\t\t\t\t\t\t<\/a>\n\t\t\t\t\t\t\t\t\t\t\t\t\t\t\t<\/div>\n\t\t\t\t<div class=\"elementor-element elementor-element-bc29a7f elementor-widget elementor-widget-image\" data-id=\"bc29a7f\" data-element_type=\"widget\" data-e-type=\"widget\" data-widget_type=\"image.default\">\n\t\t\t\t\t\t\t\t\t\t\t\t\t\t\t\t<a href=\"https:\/\/apivil.com\/?post_type=product\">\n\t\t\t\t\t\t\t<img decoding=\"async\" src=\"https:\/\/apivil.com\/wp-content\/uploads\/elementor\/thumbs\/0032_resized-1-1-rd6u8p5no70jfc56v7wkm1x5pqudw5ofouesaexvk0.png\" title=\"APIVIL008\" alt=\"APIVIL\" loading=\"lazy\" \/>\t\t\t\t\t\t\t\t<\/a>\n\t\t\t\t\t\t\t\t\t\t\t\t\t\t\t<\/div>\n\t\t\t\t\t<\/div>\n\t\t\t\t<\/div>\n\t\t<div class=\"elementor-element elementor-element-a560a74 e-grid e-con-boxed e-con e-parent\" data-id=\"a560a74\" data-element_type=\"container\" data-e-type=\"container\">\n\t\t\t\t\t<div class=\"e-con-inner\">\n\t\t\t\t<div class=\"elementor-element elementor-element-a0c9ed0 elementor-widget elementor-widget-heading\" data-id=\"a0c9ed0\" data-element_type=\"widget\" data-e-type=\"widget\" data-widget_type=\"heading.default\">\n\t\t\t\t\t<h1 class=\"elementor-heading-title elementor-size-default\"><a href=\"https:\/\/apivil.com\/?post_type=product\">PRODUTOS<\/a><\/h1>\t\t\t\t<\/div>\n\t\t\t\t\t<\/div>\n\t\t\t\t<\/div>\n\t\t<div class=\"elementor-element elementor-element-37544bf e-grid e-con-boxed e-con e-parent\" data-id=\"37544bf\" data-element_type=\"container\" data-e-type=\"container\">\n\t\t\t\t\t<div class=\"e-con-inner\">\n\t\t\t\t<div class=\"elementor-element elementor-element-13b22ae elementor-widget elementor-widget-image\" data-id=\"13b22ae\" data-element_type=\"widget\" data-e-type=\"widget\" data-widget_type=\"image.default\">\n\t\t\t\t\t\t\t\t\t\t\t\t<figure class=\"wp-caption\">\n\t\t\t\t\t\t\t\t\t\t\t<a href=\"https:\/\/apivil.com\/?product=arieiras-mel-multifloral-frasco-liso\">\n\t\t\t\t\t\t\t<img loading=\"lazy\" decoding=\"async\" width=\"300\" height=\"300\" src=\"https:\/\/apivil.com\/wp-content\/uploads\/2025\/10\/12-Frascos-2-300x300.png\" class=\"attachment-medium size-medium wp-image-449\" alt=\"\" srcset=\"https:\/\/apivil.com\/wp-content\/uploads\/2025\/10\/12-Frascos-2-300x300.png 300w, https:\/\/apivil.com\/wp-content\/uploads\/2025\/10\/12-Frascos-2-150x150.png 150w, https:\/\/apivil.com\/wp-content\/uploads\/2025\/10\/12-Frascos-2-768x768.png 768w, https:\/\/apivil.com\/wp-content\/uploads\/2025\/10\/12-Frascos-2-600x600.png 600w, https:\/\/apivil.com\/wp-content\/uploads\/2025\/10\/12-Frascos-2-100x100.png 100w, https:\/\/apivil.com\/wp-content\/uploads\/2025\/10\/12-Frascos-2-50x50.png 50w, https:\/\/apivil.com\/wp-content\/uploads\/2025\/10\/12-Frascos-2.png 800w\" sizes=\"(max-width: 300px) 100vw, 300px\" \/>\t\t\t\t\t\t\t\t<\/a>\n\t\t\t\t\t\t\t\t\t\t\t<figcaption class=\"widget-image-caption wp-caption-text\">Frasco mel liso - Mel Multifloral <\/figcaption>\n\t\t\t\t\t\t\t\t\t\t<\/figure>\n\t\t\t\t\t\t\t\t\t<\/div>\n\t\t\t\t<div class=\"elementor-element elementor-element-6af2359 elementor-widget elementor-widget-image\" data-id=\"6af2359\" data-element_type=\"widget\" data-e-type=\"widget\" data-widget_type=\"image.default\">\n\t\t\t\t\t\t\t\t\t\t\t\t<figure class=\"wp-caption\">\n\t\t\t\t\t\t\t\t\t\t\t<a href=\"https:\/\/apivil.com\/?product=arieiras-mel-multifloral-frasco-liso-caixa-12-frascos\">\n\t\t\t\t\t\t\t<img loading=\"lazy\" decoding=\"async\" width=\"300\" height=\"300\" src=\"https:\/\/apivil.com\/wp-content\/uploads\/2025\/10\/12-Frascos-1-300x300.png\" class=\"attachment-medium size-medium wp-image-445\" alt=\"\" srcset=\"https:\/\/apivil.com\/wp-content\/uploads\/2025\/10\/12-Frascos-1-300x300.png 300w, https:\/\/apivil.com\/wp-content\/uploads\/2025\/10\/12-Frascos-1-150x150.png 150w, https:\/\/apivil.com\/wp-content\/uploads\/2025\/10\/12-Frascos-1-768x768.png 768w, https:\/\/apivil.com\/wp-content\/uploads\/2025\/10\/12-Frascos-1-600x600.png 600w, https:\/\/apivil.com\/wp-content\/uploads\/2025\/10\/12-Frascos-1-100x100.png 100w, https:\/\/apivil.com\/wp-content\/uploads\/2025\/10\/12-Frascos-1-50x50.png 50w, https:\/\/apivil.com\/wp-content\/uploads\/2025\/10\/12-Frascos-1.png 800w\" sizes=\"(max-width: 300px) 100vw, 300px\" \/>\t\t\t\t\t\t\t\t<\/a>\n\t\t\t\t\t\t\t\t\t\t\t<figcaption class=\"widget-image-caption wp-caption-text\">Caixa 12 frascos lisos - Mel Multifloral <\/figcaption>\n\t\t\t\t\t\t\t\t\t\t<\/figure>\n\t\t\t\t\t\t\t\t\t<\/div>\n\t\t\t\t<div class=\"elementor-element elementor-element-77c1366 elementor-widget elementor-widget-image\" data-id=\"77c1366\" data-element_type=\"widget\" data-e-type=\"widget\" data-widget_type=\"image.default\">\n\t\t\t\t\t\t\t\t\t\t\t\t<figure class=\"wp-caption\">\n\t\t\t\t\t\t\t\t\t\t\t<a href=\"https:\/\/apivil.com\/?product=arieiras-mel-multifloral-frasco-abelha-c-colher\">\n\t\t\t\t\t\t\t<img loading=\"lazy\" decoding=\"async\" width=\"300\" height=\"300\" src=\"https:\/\/apivil.com\/wp-content\/uploads\/2025\/10\/12-Frascos-2-1-300x300.png\" class=\"attachment-medium size-medium wp-image-493\" alt=\"\" srcset=\"https:\/\/apivil.com\/wp-content\/uploads\/2025\/10\/12-Frascos-2-1-300x300.png 300w, https:\/\/apivil.com\/wp-content\/uploads\/2025\/10\/12-Frascos-2-1-150x150.png 150w, https:\/\/apivil.com\/wp-content\/uploads\/2025\/10\/12-Frascos-2-1-768x768.png 768w, https:\/\/apivil.com\/wp-content\/uploads\/2025\/10\/12-Frascos-2-1-600x600.png 600w, https:\/\/apivil.com\/wp-content\/uploads\/2025\/10\/12-Frascos-2-1-100x100.png 100w, https:\/\/apivil.com\/wp-content\/uploads\/2025\/10\/12-Frascos-2-1-50x50.png 50w, https:\/\/apivil.com\/wp-content\/uploads\/2025\/10\/elementor\/thumbs\/12-Frascos-2-1-rd04mh9q59t47ksjcv70kio66d9bctco4no41lvksg.png 512w, https:\/\/apivil.com\/wp-content\/uploads\/2025\/10\/12-Frascos-2-1.png 800w\" sizes=\"(max-width: 300px) 100vw, 300px\" \/>\t\t\t\t\t\t\t\t<\/a>\n\t\t\t\t\t\t\t\t\t\t\t<figcaption class=\"widget-image-caption wp-caption-text\">Frasco mel abelha com colher de Madeira - Mel Multifloral <\/figcaption>\n\t\t\t\t\t\t\t\t\t\t<\/figure>\n\t\t\t\t\t\t\t\t\t<\/div>\n\t\t\t\t<div class=\"elementor-element elementor-element-7bcaa65 elementor-widget elementor-widget-image\" data-id=\"7bcaa65\" data-element_type=\"widget\" data-e-type=\"widget\" data-widget_type=\"image.default\">\n\t\t\t\t\t\t\t\t\t\t\t\t<figure class=\"wp-caption\">\n\t\t\t\t\t\t\t\t\t\t\t<a href=\"https:\/\/apivil.com\/?product=arieiras-mel-multifloral-frasco-abelha-caixa-12-frascos\">\n\t\t\t\t\t\t\t<img loading=\"lazy\" decoding=\"async\" width=\"300\" height=\"300\" src=\"https:\/\/apivil.com\/wp-content\/uploads\/2025\/10\/12-Frascos-300x300-1.png\" class=\"attachment-medium size-medium wp-image-457\" alt=\"\" srcset=\"https:\/\/apivil.com\/wp-content\/uploads\/2025\/10\/12-Frascos-300x300-1.png 300w, https:\/\/apivil.com\/wp-content\/uploads\/2025\/10\/12-Frascos-300x300-1-150x150.png 150w, https:\/\/apivil.com\/wp-content\/uploads\/2025\/10\/12-Frascos-300x300-1-100x100.png 100w, https:\/\/apivil.com\/wp-content\/uploads\/2025\/10\/12-Frascos-300x300-1-50x50.png 50w\" sizes=\"(max-width: 300px) 100vw, 300px\" \/>\t\t\t\t\t\t\t\t<\/a>\n\t\t\t\t\t\t\t\t\t\t\t<figcaption class=\"widget-image-caption wp-caption-text\">Caixa 12 frascos abelha - Mel Multifloral <\/figcaption>\n\t\t\t\t\t\t\t\t\t\t<\/figure>\n\t\t\t\t\t\t\t\t\t<\/div>\n\t\t\t\t<div class=\"elementor-element elementor-element-6a95b3f elementor-widget elementor-widget-image\" data-id=\"6a95b3f\" data-element_type=\"widget\" data-e-type=\"widget\" data-widget_type=\"image.default\">\n\t\t\t\t\t\t\t\t\t\t\t\t<figure class=\"wp-caption\">\n\t\t\t\t\t\t\t\t\t\t\t<a href=\"https:\/\/apivil.com\/?product=arieiras-mel-multifloral-frasco-liso\">\n\t\t\t\t\t\t\t<img loading=\"lazy\" decoding=\"async\" width=\"650\" height=\"650\" src=\"https:\/\/apivil.com\/wp-content\/uploads\/2025\/10\/12-Frascos-1-2.png\" class=\"attachment-large size-large wp-image-491\" alt=\"Frasco mel liso - Multifloral - 500 gramas\" srcset=\"https:\/\/apivil.com\/wp-content\/uploads\/2025\/10\/12-Frascos-1-2.png 800w, https:\/\/apivil.com\/wp-content\/uploads\/2025\/10\/12-Frascos-1-2-300x300.png 300w, https:\/\/apivil.com\/wp-content\/uploads\/2025\/10\/12-Frascos-1-2-150x150.png 150w, https:\/\/apivil.com\/wp-content\/uploads\/2025\/10\/12-Frascos-1-2-768x768.png 768w, https:\/\/apivil.com\/wp-content\/uploads\/2025\/10\/12-Frascos-1-2-600x600.png 600w, https:\/\/apivil.com\/wp-content\/uploads\/2025\/10\/12-Frascos-1-2-100x100.png 100w, https:\/\/apivil.com\/wp-content\/uploads\/2025\/10\/12-Frascos-1-2-50x50.png 50w\" sizes=\"(max-width: 650px) 100vw, 650px\" \/>\t\t\t\t\t\t\t\t<\/a>\n\t\t\t\t\t\t\t\t\t\t\t<figcaption class=\"widget-image-caption wp-caption-text\">Frasco mel liso - Mel Multifloral <\/figcaption>\n\t\t\t\t\t\t\t\t\t\t<\/figure>\n\t\t\t\t\t\t\t\t\t<\/div>\n\t\t\t\t\t<\/div>\n\t\t\t\t<\/div>\n\t\t\t\t<\/div>\n\t\t","protected":false},"excerpt":{"rendered":"<p>Frasco mel favo &#8211; Multifloral &#8211; 500 Grs\/1 Kg Sobre mim Pelo ano 2024, em face do gosto pela natureza e pelo meio rural, adquiri cinco colmeias, com as quais comecei o meu projeto ap\u00edcola. O local escolhido para o desenvolvimento do projeto foi um terreno de castanheiros denominado \u201cArieiras\u201d, em Vale das \u00c9guas, concelho&#8230;<\/p>\n<p class=\"more-link-wrap\"><a href=\"https:\/\/apivil.com\/\" class=\"more-link\">Read More<span class=\"screen-reader-text\"> &ldquo;HOME&rdquo;<\/span> &raquo;<\/a><\/p>\n","protected":false},"author":1,"featured_media":0,"parent":0,"menu_order":0,"comment_status":"closed","ping_status":"closed","template":"","meta":{"footnotes":""},"class_list":["post-19","page","type-page","status-publish","hentry"],"_links":{"self":[{"href":"https:\/\/apivil.com\/index.php?rest_route=\/wp\/v2\/pages\/19","targetHints":{"allow":["GET"]}}],"collection":[{"href":"https:\/\/apivil.com\/index.php?rest_route=\/wp\/v2\/pages"}],"about":[{"href":"https:\/\/apivil.com\/index.php?rest_route=\/wp\/v2\/types\/page"}],"author":[{"embeddable":true,"href":"https:\/\/apivil.com\/index.php?rest_route=\/wp\/v2\/users\/1"}],"replies":[{"embeddable":true,"href":"https:\/\/apivil.com\/index.php?rest_route=%2Fwp%2Fv2%2Fcomments&post=19"}],"version-history":[{"count":673,"href":"https:\/\/apivil.com\/index.php?rest_route=\/wp\/v2\/pages\/19\/revisions"}],"predecessor-version":[{"id":1493,"href":"https:\/\/apivil.com\/index.php?rest_route=\/wp\/v2\/pages\/19\/revisions\/1493"}],"wp:attachment":[{"href":"https:\/\/apivil.com\/index.php?rest_route=%2Fwp%2Fv2%2Fmedia&parent=19"}],"curies":[{"name":"wp","href":"https:\/\/api.w.org\/{rel}","templated":true}]}}